{"id":22,"date":"2019-04-27T20:46:53","date_gmt":"2019-04-27T20:46:53","guid":{"rendered":"http:\/\/rainerseifert.de\/?page_id=22"},"modified":"2020-11-29T22:44:53","modified_gmt":"2020-11-29T22:44:53","slug":"fliegen","status":"publish","type":"page","link":"https:\/\/rainerseifert.de\/?page_id=22","title":{"rendered":"Fliegen \/ Privatpilot"},"content":{"rendered":"\n<p>Ich wurde am 12. Juni 2003 Inhaber der PPL-A Privatpiloten Lizenz. Die Lizenz berechtigte zum Fliegen von einmotorigen, kolbenbetriebenen, Land-Flugzeugen mit bis zu 2 Tonnen Abfluggewicht. Dazu erwarb ich das deutsche und englische Sprechfunkzeugnis (BZF1 und BZF2).<\/p>\n\n\n\n<p>Das Fliegen hat unglaublich viel Spa\u00df gemacht. Ich bin viel in OWL herumgeflogen, habe Rundfl\u00fcge mit Freunden und G\u00e4sten gemacht, bin mehrfach auf den ostfriesischen Inseln gewesen und auch mal alleine ohne Co-Pilot nach S\u00fcddeutschland geflogen. Zusammen mit einem Freund sind wir auch mal nach Elba geflogen, wo wir auf dem R\u00fcckweg zwischen Marseille und Lyon in einen f\u00fcrchterlichen Mistral-Wind gerieten. Eine Erfahrung \u00e4hnlich dem Hochseesegeln im Indischen Ozean.<\/p>\n\n\n\n<p>Leider musste ich Ende 2009 das Fliegen wegen schlechter werdender Augen und einer daraus resultierenden H\u00f6henangst leider aufgeben.<\/p>\n\n\n\n<p>W\u00e4hrend der Zeit als Pilot war ich im Luftsportverein Bielefeld aktiv und war dort auch aktiv bei der Ausrichtung des Bielefelder Flugplatzfestes beteiligt. Leider konnte das Fest nach den Ereignissen bei der Loveparade 2010 in Duisburg wegen hohen Sicherheitsanforderungen nicht mehr stattfinden.<\/p>\n\n\n\n<p>Zum Fliegen kam ich, da ich nach der Weltumsegelung 1996\/97 aus beruflichen Gr\u00fcnden leider nicht mehr zum Hochseesegeln kam. Ich brauchte ein neues Hobby bzw. eine neue Herausforderung. Der in Bielefeld gelegene Flugplatz mit einem Luftsportverein und einer Motorflugschule boten die idealen Voraussetzungen.  Mit ausschlaggebend f\u00fcr meine Entscheidung f\u00fcr das Fliegen war aber auch, dass ich w\u00e4hrend der Weltumsegelung beim Aufenthalt in Neuseeland Kontakt zu zwei Hamburgern Piloten hatte, die mit einer 4-sitzigen Mooney um die Welt geflogen sind. Ich konnte auch einen Rundflug \u00fcber Wellington mit ihnen machen. Leider sind sie kurz danach \u00fcber Kanada abgest\u00fcrzt. Dass einer von beiden tats\u00e4chlich mit schwersten Verbrennungen \u00fcberlebte, erfuhr ich erst w\u00e4hrend meiner Flugausbildung, weil ein Fliegerkollege von dem Buch &#8222;Phoenix &#8211; Das Leben nach dem Feuer&#8220; erz\u00e4hlte. <\/p>\n\n\n\n<p><\/p>\n","protected":false},"excerpt":{"rendered":"<p>Ich wurde am 12. Juni 2003 Inhaber der PPL-A Privatpiloten Lizenz. Die Lizenz berechtigte zum Fliegen von einmotorigen, kolbenbetriebenen, Land-Flugzeugen mit bis zu 2 Tonnen Abfluggewicht. Dazu erwarb ich das deutsche und englische Sprechfunkzeugnis (BZF1 und BZF2). Das Fliegen hat unglaublich viel Spa\u00df gemacht. Ich bin viel in OWL herumgeflogen, habe Rundfl\u00fcge mit Freunden und &hellip; <\/p>\n<p class=\"link-more\"><a href=\"https:\/\/rainerseifert.de\/?page_id=22\" class=\"more-link\"><span class=\"screen-reader-text\">\u201eFliegen \/ Privatpilot\u201c<\/span> weiterlesen<\/a><\/p>\n","protected":false},"author":1,"featured_media":0,"parent":0,"menu_order":0,"comment_status":"closed","ping_status":"closed","template":"","meta":[],"_links":{"self":[{"href":"https:\/\/rainerseifert.de\/index.php?rest_route=\/wp\/v2\/pages\/22"}],"collection":[{"href":"https:\/\/rainerseifert.de\/index.php?rest_route=\/wp\/v2\/pages"}],"about":[{"href":"https:\/\/rainerseifert.de\/index.php?rest_route=\/wp\/v2\/types\/page"}],"author":[{"embeddable":true,"href":"https:\/\/rainerseifert.de\/index.php?rest_route=\/wp\/v2\/users\/1"}],"replies":[{"embeddable":true,"href":"https:\/\/rainerseifert.de\/index.php?rest_route=%2Fwp%2Fv2%2Fcomments&post=22"}],"version-history":[{"count":4,"href":"https:\/\/rainerseifert.de\/index.php?rest_route=\/wp\/v2\/pages\/22\/revisions"}],"predecessor-version":[{"id":88,"href":"https:\/\/rainerseifert.de\/index.php?rest_route=\/wp\/v2\/pages\/22\/revisions\/88"}],"wp:attachment":[{"href":"https:\/\/rainerseifert.de\/index.php?rest_route=%2Fwp%2Fv2%2Fmedia&parent=22"}],"curies":[{"name":"wp","href":"https:\/\/api.w.org\/{rel}","templated":true}]}}