{"id":19,"date":"2019-04-27T20:46:53","date_gmt":"2019-04-27T20:46:53","guid":{"rendered":"http:\/\/rainerseifert.de\/?page_id=19"},"modified":"2024-03-07T22:39:12","modified_gmt":"2024-03-07T22:39:12","slug":"kontakt-2","status":"publish","type":"page","link":"https:\/\/rainerseifert.de\/?page_id=19","title":{"rendered":"Kontakt"},"content":{"rendered":"\n<p>Hauptstra\u00dfe 32, 33647 Bielefeld<\/p>\n\n\n\n<p>Mobil: <a href=\"call:+49171 \/ 171 9964\">0171 \/ 171 9964<\/a><\/p>\n\n\n\n<p>E-Mail: <a href=\"mailto:rainer@rainerseifert.de\">rainer@rainerseifert.de<\/a><\/p>\n\n\n\n<p>Facebook:  <a href=\"https:\/\/www.facebook.com\/rainer.seifert.583\">Rainer Seifert<\/a> <\/p>\n\n\n\n<h2 class=\"wp-block-heading\">Famili\u00e4rer Status<\/h2>\n\n\n\n<ul>\n<li>Verheiratet mit Burgeli Seifert seit Oktober 2015<\/li>\n\n\n\n<li>Drei Stiefkinder (geboren 1976, 1986 und 1989)<\/li>\n\n\n\n<li>Zwei Stief-Enkelkinder (geb. 2014 und 2016)<\/li>\n\n\n\n<li> Zwei \u00e4ltere Br\u00fcder. Carsten geboren 1962 und Ingo geboren 1959<\/li>\n\n\n\n<li>Vater Jochen (geb. 1928, verstorben 2013), Diplom-Ingenieur f\u00fcr Elektronik, 12 Jahre Gymnasial-und Fachschullehrer f\u00fcr Mathematik und Physik, 3 Jahre Entwicklungshelfer in Lesotho\/Afrika und \u00fcber 10 Jahre Entwicklungshelfer beim Senior Expert Service<\/li>\n\n\n\n<li>Mutter Lore (geb. 1935), Hausfrau und Mutter, sowie \u00fcber 50 Jahre &#8222;Mitarbeiterin&#8220; bei den diversen Aktivit\u00e4ten meines Vaters, sowie seit Jahrzehnten anerkannte Kr\u00e4uterexpertin<\/li>\n<\/ul>\n\n\n\n<h2 class=\"wp-block-heading\">Mein Lebenslauf<\/h2>\n\n\n\n<ul>\n<li>Geboren am 08. Januar 1964 im Schleswig-Holsteinischen Bad Oldesloe. Danach gelebt in Wentorf und Geesthacht bei Hamburg <\/li>\n\n\n\n<li>Einschulung mit 6 und nach 14 Tagen direkter Sprung in die 2te Klasse, da ich auf Grund meiner beiden \u00e4lteren Br\u00fcder bereits lesen, schreiben und rechnen konnte<\/li>\n\n\n\n<li>1974 Wechsel auf das Otto-Hahn-Gymnasium in Geesthacht <\/li>\n\n\n\n<li>1976, also mit 12 Jahren, Umzug nach Landau in der Pfalz. Dort zuerst kurz auf dem Otto-Hahn-Gymnasium, dann auf dem Eduard-Spranger-Gymnasium<\/li>\n\n\n\n<li>Nach dem Abitur in 1982 zog ich f\u00fcr knapp ein Jahr in das englische Wigan (bei Manchester). \u00dcbrigens die Heimatstadt von George Orwell<\/li>\n\n\n\n<li>Danach (1983) Studium der Betriebswirtschaftslehre (Fachrichtung Industriebetriebslehre)  an der Universit\u00e4t Mannheim<\/li>\n\n\n\n<li>Parallel, seit 1982, arbeitete ich bei einem Computerladen in Landau und programmierte kaufm\u00e4nnische Anwendungen auf Commodore Rechnern (PET, VC 20, C64, Amiga, sp\u00e4ter PC10). Noch w\u00e4hrend des Grundstudiums, 1985, \u00fcbernahm ich den Laden als gesch\u00e4ftsf\u00fchrender Inhaber. Ich wurde einer der ersten KHK-FreeLicence-Softwareh\u00e4ndler, als die noch weniger als 12 Angestellte hatten, (heute SAGE Software), exportierte Tausende von C64 Rechnern nach Frankreich und z\u00e4hlte zeitweise zu den gr\u00f6\u00dften deutschen Commodore H\u00e4ndlern. Au\u00dferdem unterhielt ich einen Computer-Versandhandel im nahegelegenen Frankreich. Leider gingen beide L\u00e4den 1991 wegen den damals aufkommenden Media-M\u00e4rkten und Co pleite<\/li>\n\n\n\n<li>1991 Umzug nach London. Dort wurde ich leitender Softwareentwickler f\u00fcr den damals sehr erfolgreichen Hersteller kaufm\u00e4nnische Software namens Lakeview<\/li>\n\n\n\n<li>1994 R\u00fcckkehr nach Deutschland. Erst im s\u00fcddeutschen Landau als Softwareentwickler bei Megabild, dann beim SHK-Gro\u00dfhandel Wesemeyer in Hamburg<\/li>\n\n\n\n<li>September 1996 bis Juli 1997 Weltumsegelung auf der Regatta-Yacht Pause To Remember der BT Global Challenge<\/li>\n\n\n\n<li>Seit August 1997 Softwareentwickler bei der Label Software Gerald Bax GmbH in Bielefeld<\/li>\n\n\n\n<li>Seit 2013 auch aktives Mitglied der FDP<\/li>\n\n\n\n<li>Seit 2020 Mitglied der Bezirksvertretung Brackwede und Bielefelder Stadtrat <\/li>\n<\/ul>\n\n\n\n<p><\/p>\n\n\n\n<h2 class=\"wp-block-heading\">Mitgliedschaften<\/h2>\n\n\n\n<ul>\n<li>Vorsitzender des FDP Ortsverbandes Bielefeld-Brackwede<\/li>\n\n\n\n<li>stellv. Kreisvorsitzender im FDP Kreisverband Bielefeld<\/li>\n\n\n\n<li>Delegierter beim FDP-Bezirksparteitag OWL, beim FDP Landesparteitag NRW und stellv. Delegierter beim BDP-Bundesparteitag<\/li>\n\n\n\n<li>Schatzmeister beim Verein cultur.konsum e.V.<\/li>\n\n\n\n<li>Beisitzer im Heimatverein Brackwede<\/li>\n\n\n\n<li>ordentliches Mitglied der WIG Brackwede (Kaufmannschaft)<\/li>\n\n\n\n<li>aktives Mitglied beim Runden Tisch f\u00fcr Brackwede<\/li>\n<\/ul>\n","protected":false},"excerpt":{"rendered":"<p>Hauptstra\u00dfe 32, 33647 Bielefeld Mobil: 0171 \/ 171 9964 E-Mail: rainer@rainerseifert.de Facebook: Rainer Seifert Famili\u00e4rer Status Mein Lebenslauf Mitgliedschaften<\/p>\n","protected":false},"author":1,"featured_media":8,"parent":0,"menu_order":0,"comment_status":"closed","ping_status":"closed","template":"","meta":[],"_links":{"self":[{"href":"https:\/\/rainerseifert.de\/index.php?rest_route=\/wp\/v2\/pages\/19"}],"collection":[{"href":"https:\/\/rainerseifert.de\/index.php?rest_route=\/wp\/v2\/pages"}],"about":[{"href":"https:\/\/rainerseifert.de\/index.php?rest_route=\/wp\/v2\/types\/page"}],"author":[{"embeddable":true,"href":"https:\/\/rainerseifert.de\/index.php?rest_route=\/wp\/v2\/users\/1"}],"replies":[{"embeddable":true,"href":"https:\/\/rainerseifert.de\/index.php?rest_route=%2Fwp%2Fv2%2Fcomments&post=19"}],"version-history":[{"count":19,"href":"https:\/\/rainerseifert.de\/index.php?rest_route=\/wp\/v2\/pages\/19\/revisions"}],"predecessor-version":[{"id":138,"href":"https:\/\/rainerseifert.de\/index.php?rest_route=\/wp\/v2\/pages\/19\/revisions\/138"}],"wp:featuredmedia":[{"embeddable":true,"href":"https:\/\/rainerseifert.de\/index.php?rest_route=\/wp\/v2\/media\/8"}],"wp:attachment":[{"href":"https:\/\/rainerseifert.de\/index.php?rest_route=%2Fwp%2Fv2%2Fmedia&parent=19"}],"curies":[{"name":"wp","href":"https:\/\/api.w.org\/{rel}","templated":true}]}}